{"id":639,"date":"2026-02-23T12:15:14","date_gmt":"2026-02-23T12:15:14","guid":{"rendered":"https:\/\/daniel.depimtajamar.es\/?post_type=product&#038;p=639"},"modified":"2026-02-23T12:15:14","modified_gmt":"2026-02-23T12:15:14","slug":"tomas-postigo-vinificacion-integral","status":"publish","type":"product","link":"https:\/\/daniel.depimtajamar.es\/index.php\/product\/tomas-postigo-vinificacion-integral\/","title":{"rendered":"Tom\u00e1s Postigo Vinificaci\u00f3n Integral"},"content":{"rendered":"<p>La cumbre de la precisi\u00f3n enol\u00f3gica. Gracias a la fermentaci\u00f3n integral, este vino presenta un color profundo y una nariz rica en frutos negros, cacao y notas bals\u00e1micas. En boca es donde ocurre la magia: un volumen impresionante, taninos dulces perfectamente pulidos y un equilibrio soberbio. Es un vino ancho, largo y con una personalidad aristocr\u00e1tica.<\/p>\n","protected":false},"excerpt":{"rendered":"<p>La cumbre de la precisi\u00f3n enol\u00f3gica. Gracias a la fermentaci\u00f3n integral, este vino presenta un color profundo y una nariz rica en frutos negros, cacao y notas bals\u00e1micas. En boca es donde ocurre la magia: un volumen impresionante, taninos dulces perfectamente pulidos y un equilibrio soberbio. Es un vino ancho, largo y con una personalidad [&hellip;]<\/p>\n","protected":false},"featured_media":322,"comment_status":"open","ping_status":"closed","template":"","meta":{"zakra_page_container_layout":"customizer","zakra_page_sidebar_layout":"customizer","zakra_remove_content_margin":false,"zakra_sidebar":"customizer","zakra_transparent_header":"customizer","zakra_logo":0,"zakra_main_header_style":"default","zakra_menu_item_color":"","zakra_menu_item_hover_color":"","zakra_menu_item_active_color":"","zakra_menu_active_style":"","zakra_page_header":true},"product_brand":[],"product_cat":[20],"product_tag":[25],"class_list":{"0":"post-639","1":"product","2":"type-product","3":"status-publish","4":"has-post-thumbnail","6":"product_cat-vino","7":"product_tag-vino-vinificacion-integral","9":"first","10":"instock","11":"shipping-taxable","12":"purchasable","13":"product-type-simple"},"jetpack_sharing_enabled":true,"_links":{"self":[{"href":"https:\/\/daniel.depimtajamar.es\/index.php\/wp-json\/wp\/v2\/product\/639","targetHints":{"allow":["GET"]}}],"collection":[{"href":"https:\/\/daniel.depimtajamar.es\/index.php\/wp-json\/wp\/v2\/product"}],"about":[{"href":"https:\/\/daniel.depimtajamar.es\/index.php\/wp-json\/wp\/v2\/types\/product"}],"replies":[{"embeddable":true,"href":"https:\/\/daniel.depimtajamar.es\/index.php\/wp-json\/wp\/v2\/comments?post=639"}],"wp:featuredmedia":[{"embeddable":true,"href":"https:\/\/daniel.depimtajamar.es\/index.php\/wp-json\/wp\/v2\/media\/322"}],"wp:attachment":[{"href":"https:\/\/daniel.depimtajamar.es\/index.php\/wp-json\/wp\/v2\/media?parent=639"}],"wp:term":[{"taxonomy":"product_brand","embeddable":true,"href":"https:\/\/daniel.depimtajamar.es\/index.php\/wp-json\/wp\/v2\/product_brand?post=639"},{"taxonomy":"product_cat","embeddable":true,"href":"https:\/\/daniel.depimtajamar.es\/index.php\/wp-json\/wp\/v2\/product_cat?post=639"},{"taxonomy":"product_tag","embeddable":true,"href":"https:\/\/daniel.depimtajamar.es\/index.php\/wp-json\/wp\/v2\/product_tag?post=639"}],"curies":[{"name":"wp","href":"https:\/\/api.w.org\/{rel}","templated":true}]}}