{"id":638,"date":"2026-02-23T12:12:59","date_gmt":"2026-02-23T12:12:59","guid":{"rendered":"https:\/\/daniel.depimtajamar.es\/?post_type=product&#038;p=638"},"modified":"2026-02-23T12:12:59","modified_gmt":"2026-02-23T12:12:59","slug":"tomas-postigo-rebollo","status":"publish","type":"product","link":"https:\/\/daniel.depimtajamar.es\/index.php\/product\/tomas-postigo-rebollo\/","title":{"rendered":"Tom\u00e1s Postigo Rebollo"},"content":{"rendered":"<p>El Rebollo representa la uni\u00f3n perfecta entre la maestr\u00eda de Tom\u00e1s Postigo y la fuerza del bosque espa\u00f1ol. En nariz es una explosi\u00f3n de matices: fruta negra madura, resinas y especias dulces. En boca se muestra ancho, con un tanino presente pero sedoso, y una frescura sorprendente que equilibra su gran estructura. Un vino rotundo para quienes buscan algo fuera de lo com\u00fan.<\/p>\n","protected":false},"excerpt":{"rendered":"<p>El Rebollo representa la uni\u00f3n perfecta entre la maestr\u00eda de Tom\u00e1s Postigo y la fuerza del bosque espa\u00f1ol. En nariz es una explosi\u00f3n de matices: fruta negra madura, resinas y especias dulces. En boca se muestra ancho, con un tanino presente pero sedoso, y una frescura sorprendente que equilibra su gran estructura. Un vino rotundo [&hellip;]<\/p>\n","protected":false},"featured_media":317,"comment_status":"open","ping_status":"closed","template":"","meta":{"zakra_page_container_layout":"customizer","zakra_page_sidebar_layout":"customizer","zakra_remove_content_margin":false,"zakra_sidebar":"customizer","zakra_transparent_header":"customizer","zakra_logo":0,"zakra_main_header_style":"default","zakra_menu_item_color":"","zakra_menu_item_hover_color":"","zakra_menu_item_active_color":"","zakra_menu_active_style":"","zakra_page_header":true},"product_brand":[],"product_cat":[20],"product_tag":[24],"class_list":{"0":"post-638","1":"product","2":"type-product","3":"status-publish","4":"has-post-thumbnail","6":"product_cat-vino","7":"product_tag-vino-rebollo","9":"first","10":"instock","11":"shipping-taxable","12":"purchasable","13":"product-type-simple"},"jetpack_sharing_enabled":true,"_links":{"self":[{"href":"https:\/\/daniel.depimtajamar.es\/index.php\/wp-json\/wp\/v2\/product\/638","targetHints":{"allow":["GET"]}}],"collection":[{"href":"https:\/\/daniel.depimtajamar.es\/index.php\/wp-json\/wp\/v2\/product"}],"about":[{"href":"https:\/\/daniel.depimtajamar.es\/index.php\/wp-json\/wp\/v2\/types\/product"}],"replies":[{"embeddable":true,"href":"https:\/\/daniel.depimtajamar.es\/index.php\/wp-json\/wp\/v2\/comments?post=638"}],"wp:featuredmedia":[{"embeddable":true,"href":"https:\/\/daniel.depimtajamar.es\/index.php\/wp-json\/wp\/v2\/media\/317"}],"wp:attachment":[{"href":"https:\/\/daniel.depimtajamar.es\/index.php\/wp-json\/wp\/v2\/media?parent=638"}],"wp:term":[{"taxonomy":"product_brand","embeddable":true,"href":"https:\/\/daniel.depimtajamar.es\/index.php\/wp-json\/wp\/v2\/product_brand?post=638"},{"taxonomy":"product_cat","embeddable":true,"href":"https:\/\/daniel.depimtajamar.es\/index.php\/wp-json\/wp\/v2\/product_cat?post=638"},{"taxonomy":"product_tag","embeddable":true,"href":"https:\/\/daniel.depimtajamar.es\/index.php\/wp-json\/wp\/v2\/product_tag?post=638"}],"curies":[{"name":"wp","href":"https:\/\/api.w.org\/{rel}","templated":true}]}}