{"id":634,"date":"2026-02-23T12:06:41","date_gmt":"2026-02-23T12:06:41","guid":{"rendered":"https:\/\/daniel.depimtajamar.es\/?post_type=product&#038;p=634"},"modified":"2026-02-23T12:06:42","modified_gmt":"2026-02-23T12:06:42","slug":"tomas-postigo-3er-ano","status":"publish","type":"product","link":"https:\/\/daniel.depimtajamar.es\/index.php\/product\/tomas-postigo-3er-ano\/","title":{"rendered":"Tom\u00e1s Postigo 3er A\u00f1o"},"content":{"rendered":"<p>Descubre un vino dise\u00f1ado para disfrutar desde el primer sorbo. Tras tres a\u00f1os de elaboraci\u00f3n y reposo, este tinto presenta una estructura sedosa, notas de fruta negra madura y sutiles toques especiados. Es un valor seguro para quienes buscan un vino con car\u00e1cter, equilibrio y un final largo y placentero.<\/p>\n","protected":false},"excerpt":{"rendered":"<p>Descubre un vino dise\u00f1ado para disfrutar desde el primer sorbo. Tras tres a\u00f1os de elaboraci\u00f3n y reposo, este tinto presenta una estructura sedosa, notas de fruta negra madura y sutiles toques especiados. Es un valor seguro para quienes buscan un vino con car\u00e1cter, equilibrio y un final largo y placentero.<\/p>\n","protected":false},"featured_media":307,"comment_status":"open","ping_status":"closed","template":"","meta":{"zakra_page_container_layout":"customizer","zakra_page_sidebar_layout":"customizer","zakra_remove_content_margin":false,"zakra_sidebar":"customizer","zakra_transparent_header":"customizer","zakra_logo":0,"zakra_main_header_style":"default","zakra_menu_item_color":"","zakra_menu_item_hover_color":"","zakra_menu_item_active_color":"","zakra_menu_active_style":"","zakra_page_header":true},"product_brand":[],"product_cat":[20],"product_tag":[22],"class_list":{"0":"post-634","1":"product","2":"type-product","3":"status-publish","4":"has-post-thumbnail","6":"product_cat-vino","7":"product_tag-vino-3er-ano","9":"first","10":"instock","11":"shipping-taxable","12":"purchasable","13":"product-type-simple"},"jetpack_sharing_enabled":true,"_links":{"self":[{"href":"https:\/\/daniel.depimtajamar.es\/index.php\/wp-json\/wp\/v2\/product\/634","targetHints":{"allow":["GET"]}}],"collection":[{"href":"https:\/\/daniel.depimtajamar.es\/index.php\/wp-json\/wp\/v2\/product"}],"about":[{"href":"https:\/\/daniel.depimtajamar.es\/index.php\/wp-json\/wp\/v2\/types\/product"}],"replies":[{"embeddable":true,"href":"https:\/\/daniel.depimtajamar.es\/index.php\/wp-json\/wp\/v2\/comments?post=634"}],"wp:featuredmedia":[{"embeddable":true,"href":"https:\/\/daniel.depimtajamar.es\/index.php\/wp-json\/wp\/v2\/media\/307"}],"wp:attachment":[{"href":"https:\/\/daniel.depimtajamar.es\/index.php\/wp-json\/wp\/v2\/media?parent=634"}],"wp:term":[{"taxonomy":"product_brand","embeddable":true,"href":"https:\/\/daniel.depimtajamar.es\/index.php\/wp-json\/wp\/v2\/product_brand?post=634"},{"taxonomy":"product_cat","embeddable":true,"href":"https:\/\/daniel.depimtajamar.es\/index.php\/wp-json\/wp\/v2\/product_cat?post=634"},{"taxonomy":"product_tag","embeddable":true,"href":"https:\/\/daniel.depimtajamar.es\/index.php\/wp-json\/wp\/v2\/product_tag?post=634"}],"curies":[{"name":"wp","href":"https:\/\/api.w.org\/{rel}","templated":true}]}}