{"id":630,"date":"2026-02-23T11:54:49","date_gmt":"2026-02-23T11:54:49","guid":{"rendered":"https:\/\/daniel.depimtajamar.es\/?post_type=product&#038;p=630"},"modified":"2026-02-23T12:08:35","modified_gmt":"2026-02-23T12:08:35","slug":"vino-3er-ano-edicion-especial","status":"publish","type":"product","link":"https:\/\/daniel.depimtajamar.es\/index.php\/product\/vino-3er-ano-edicion-especial\/","title":{"rendered":"Tom\u00e1s Postigo 3er A\u00f1o Edici\u00f3n Especial."},"content":{"rendered":"<p>Tres a\u00f1os de perfeccionamiento condensados en una botella. Esta edici\u00f3n especial destaca por su car\u00e1cter maduro, su cuerpo equilibrado y una personalidad que honra nuestras ra\u00edces. <b data-path-to-node=\"9\" data-index-in-node=\"228\">Edici\u00f3n numerada de producci\u00f3n limitada.<\/b> Haz tuya una pieza de nuestra historia.<\/p>\n","protected":false},"excerpt":{"rendered":"<p>Tres a\u00f1os de perfeccionamiento condensados en una botella. Esta edici\u00f3n especial destaca por su car\u00e1cter maduro, su cuerpo equilibrado y una personalidad que honra nuestras ra\u00edces. <b data-path-to-node=\"9\" data-index-in-node=\"228\">Edici\u00f3n numerada de producci\u00f3n limitada.<\/b> Haz tuya una pieza de nuestra historia.<\/p>\n","protected":false},"featured_media":285,"comment_status":"open","ping_status":"closed","template":"","meta":{"zakra_page_container_layout":"customizer","zakra_page_sidebar_layout":"customizer","zakra_remove_content_margin":false,"zakra_sidebar":"customizer","zakra_transparent_header":"customizer","zakra_logo":0,"zakra_main_header_style":"default","zakra_menu_item_color":"","zakra_menu_item_hover_color":"","zakra_menu_item_active_color":"","zakra_menu_active_style":"","zakra_page_header":true},"product_brand":[],"product_cat":[20],"product_tag":[21],"class_list":{"0":"post-630","1":"product","2":"type-product","3":"status-publish","4":"has-post-thumbnail","6":"product_cat-vino","7":"product_tag-vino-3er-ano-edicion-especial","9":"first","10":"instock","11":"shipping-taxable","12":"purchasable","13":"product-type-simple"},"jetpack_sharing_enabled":true,"_links":{"self":[{"href":"https:\/\/daniel.depimtajamar.es\/index.php\/wp-json\/wp\/v2\/product\/630","targetHints":{"allow":["GET"]}}],"collection":[{"href":"https:\/\/daniel.depimtajamar.es\/index.php\/wp-json\/wp\/v2\/product"}],"about":[{"href":"https:\/\/daniel.depimtajamar.es\/index.php\/wp-json\/wp\/v2\/types\/product"}],"replies":[{"embeddable":true,"href":"https:\/\/daniel.depimtajamar.es\/index.php\/wp-json\/wp\/v2\/comments?post=630"}],"wp:featuredmedia":[{"embeddable":true,"href":"https:\/\/daniel.depimtajamar.es\/index.php\/wp-json\/wp\/v2\/media\/285"}],"wp:attachment":[{"href":"https:\/\/daniel.depimtajamar.es\/index.php\/wp-json\/wp\/v2\/media?parent=630"}],"wp:term":[{"taxonomy":"product_brand","embeddable":true,"href":"https:\/\/daniel.depimtajamar.es\/index.php\/wp-json\/wp\/v2\/product_brand?post=630"},{"taxonomy":"product_cat","embeddable":true,"href":"https:\/\/daniel.depimtajamar.es\/index.php\/wp-json\/wp\/v2\/product_cat?post=630"},{"taxonomy":"product_tag","embeddable":true,"href":"https:\/\/daniel.depimtajamar.es\/index.php\/wp-json\/wp\/v2\/product_tag?post=630"}],"curies":[{"name":"wp","href":"https:\/\/api.w.org\/{rel}","templated":true}]}}